{"id":125,"date":"2018-08-11T20:50:23","date_gmt":"2018-08-11T18:50:23","guid":{"rendered":"http:\/\/www.adastra.com.hr\/?page_id=125"},"modified":"2026-03-16T11:45:42","modified_gmt":"2026-03-16T10:45:42","slug":"adastra-bio","status":"publish","type":"page","link":"http:\/\/www.adastra.com.hr\/index.php\/adastra-bio\/","title":{"rendered":"Adastra Bio"},"content":{"rendered":"<div class=\"_2cuy _3dgx _2vxa\" style=\"text-align: left;\">Grupa Adastra je osnovana 2005. godine na inicijativu frontmena i autora pjesama Jerka Mari\u0107a.&nbsp; U lipnju 2007. godine objavljen je album prvijenac pod nazivom <a href=\"https:\/\/open.spotify.com\/album\/7b6gyV4fIgg7ouCilooiqL\">Adastra<\/a> u izdanju izdava\u010dke ku\u0107e Croatia Records. Singl <a href=\"https:\/\/www.youtube.com\/watch?v=drMG7J-MHRs\"><span class=\"_4yxo\">\u201eNabujala rijeka\u201c<\/span><\/a> osvojio je visoke pozicije na ljestvicama ve\u0107ine hrvatskih radio i televizijskih postaja. Svoj album prvijenac Adastra je promovirala diljem Hrvatske na turneji pod pokroviteljstvom Hrvatske gospodarske komore pod nazivom <span class=\"_4yxo\">\u201eBe Croative\u201d<\/span>. Po\u010detkom studenog 2007. u Zagrebu je gostovao britanski rock sastav <span class=\"_4yxo\"><a href=\"https:\/\/www.muse.mu\/\">MUSE<\/a> <\/span>&nbsp;koji je nastupio u velikoj dvorani Doma sportova te je odabrao upravo Adastru kao predgrupu koja je zapo\u010dela spektakularni koncert ispred vi\u0161e od 9.000 zagrep\u010dana.<\/div>\n<div>&nbsp;<\/div>\n<div>&nbsp;<\/div>\n<div><img data-recalc-dims=\"1\" loading=\"lazy\" decoding=\"async\" data-attachment-id=\"787\" data-permalink=\"http:\/\/www.adastra.com.hr\/index.php\/adastra-bio\/adastra-official-p2-smanjena\/\" data-orig-file=\"https:\/\/i0.wp.com\/www.adastra.com.hr\/wp-content\/uploads\/2026\/03\/ADASTRA-OFFICIAL-P2-smanjena-scaled.jpg?fit=2560%2C1440\" data-orig-size=\"2560,1440\" data-comments-opened=\"1\" data-image-meta=\"{&quot;aperture&quot;:&quot;0&quot;,&quot;credit&quot;:&quot;&quot;,&quot;camera&quot;:&quot;&quot;,&quot;caption&quot;:&quot;&quot;,&quot;created_timestamp&quot;:&quot;0&quot;,&quot;copyright&quot;:&quot;&quot;,&quot;focal_length&quot;:&quot;0&quot;,&quot;iso&quot;:&quot;0&quot;,&quot;shutter_speed&quot;:&quot;0&quot;,&quot;title&quot;:&quot;&quot;,&quot;orientation&quot;:&quot;0&quot;}\" data-image-title=\"ADASTRA OFFICIAL P2 smanjena\" data-image-description=\"\" data-image-caption=\"\" data-large-file=\"https:\/\/i0.wp.com\/www.adastra.com.hr\/wp-content\/uploads\/2026\/03\/ADASTRA-OFFICIAL-P2-smanjena-scaled.jpg?fit=920%2C518\" class=\"wp-image-787 size-large alignleft\" src=\"https:\/\/i0.wp.com\/www.adastra.com.hr\/wp-content\/uploads\/2026\/03\/ADASTRA-OFFICIAL-P2-smanjena.jpg?resize=920%2C518\" alt=\"\" width=\"920\" height=\"518\" srcset=\"https:\/\/i0.wp.com\/www.adastra.com.hr\/wp-content\/uploads\/2026\/03\/ADASTRA-OFFICIAL-P2-smanjena-scaled.jpg?resize=1024%2C576 1024w, https:\/\/i0.wp.com\/www.adastra.com.hr\/wp-content\/uploads\/2026\/03\/ADASTRA-OFFICIAL-P2-smanjena-scaled.jpg?resize=300%2C169 300w, https:\/\/i0.wp.com\/www.adastra.com.hr\/wp-content\/uploads\/2026\/03\/ADASTRA-OFFICIAL-P2-smanjena-scaled.jpg?resize=768%2C432 768w, https:\/\/i0.wp.com\/www.adastra.com.hr\/wp-content\/uploads\/2026\/03\/ADASTRA-OFFICIAL-P2-smanjena-scaled.jpg?resize=1536%2C864 1536w, https:\/\/i0.wp.com\/www.adastra.com.hr\/wp-content\/uploads\/2026\/03\/ADASTRA-OFFICIAL-P2-smanjena-scaled.jpg?resize=2048%2C1152 2048w, https:\/\/i0.wp.com\/www.adastra.com.hr\/wp-content\/uploads\/2026\/03\/ADASTRA-OFFICIAL-P2-smanjena-scaled.jpg?resize=990%2C556 990w, https:\/\/i0.wp.com\/www.adastra.com.hr\/wp-content\/uploads\/2026\/03\/ADASTRA-OFFICIAL-P2-smanjena-scaled.jpg?resize=1920%2C1080 1920w, https:\/\/i0.wp.com\/www.adastra.com.hr\/wp-content\/uploads\/2026\/03\/ADASTRA-OFFICIAL-P2-smanjena-scaled.jpg?w=1840 1840w\" sizes=\"auto, (max-width: 920px) 100vw, 920px\" \/><\/div>\n<div>&nbsp;<\/div>\n<div class=\"_2cuy _3dgx _2vxa\">Pjesma <a href=\"https:\/\/www.youtube.com\/watch?v=drMG7J-MHRs\">\u201eNabujala rijeka\u201c<\/a> prevedena je na engleski jezik te je pod nazivom <span class=\"_4yxo\">&#8220;Nina&#8221;<\/span> objavljena na kompilaciji <span class=\"_4yxo\">Radio Expressa<\/span> iz Los Angelesa. Na toj kompilaciji se uz Jay-Z-a, Katy Perry, Jovanotti-a i drugih svjetskih izvo\u0111a\u010da na\u0161la i pjesma Adastre pod nazivom \u201eNina\u201d. Do tada, jedinoj grupi iz Hrvatske i regije koja je uspjela u\u0107i na tu kompilaciju je bila grupa ET s pjesmom \u201eTek je dvanaest sati\u201d. Ova kompilacija poslana je i vr\u0107ena je na radijskim postajama diljem svijeta u vi\u0161e od 80 zemalja na nekoliko tisu\u0107a radio postaja.<\/div>\n<div class=\"_2cuy _3dgx _2vxa\">Adastra je 2008. godine objavila pjesmu <a href=\"https:\/\/www.youtube.com\/watch?v=fnZ2EPerB8E\"><span class=\"_4yxo\">\u201eSurovi grade\u201c<\/span><\/a> posve\u0107enu 17-godi\u0161njem Luki Ritzu kojeg su vr\u0161njaci pretukli u lipnju 2008. i koji je od posljedica napada nakon nekoliko dana preminuo. Pjesma je postala himna borbe protiv nasilja me\u0111u mladima. <a href=\"http:\/\/www.terapija.net\/koncert.asp?ID=5394\">Potaknuti valom nasilja me\u0111u mladima diljem Hrvatske pokrenuta je akcija <span class=\"_4yxo\">\u201eSva\u010dije je pravo \u017eivjeti\u201c<\/span> \u010diji je inicijator pjeva\u010d Adastre Jeronim Szabolcs (Jerko) Mari\u0107.<\/a> <a href=\"https:\/\/www.zagreb.hr\/en\/8-studenog-na-trgu-bana-jelacica-koncert-svacije-j\/8895\">Uz potporu gradona\u010delnika i Gradskog poglavarstva Grada Zagreba 8. studenog 2008. godine odr\u017ean je veliki prosvjedni koncert protiv nasilja me\u0111u mladima na Trgu bana Josipa Jela\u010di\u0107a u Zagrebu koji je okupio <span class=\"_4yxo\">15.000 tisu\u0107a ljudi. <\/span><\/a> Grupa Adastra je 2009. godine izdala singl <a href=\"https:\/\/www.youtube.com\/watch?v=0BFXdiHrcFk\">\u201eZa\u0161to se skriva\u0161? \u201c<\/a> koji je zauzeo 2. mjesto na godi\u0161njoj top ljestvici Hrvatskog radija. Osim toga, slu\u0161atelji i \u017eiri <span class=\"_4yxo\">Hrvatskog radija<\/span> su u emisiji Turky party <span class=\"_4yxo\">Adastru proglasili grupom 2009. godine. <\/span><\/div>\n<div class=\"_2cuy _3dgx _2vxa\">U o\u017eujku 2011. godine, Adastra je izdala dugoo\u010dekivani <span class=\"_4yxo\">drugi album <a href=\"https:\/\/open.spotify.com\/album\/01NVSSt2KeiwvE5YzV0gfJ\">\u201eSurovi grade\u201c<\/a><\/span>. Album donosi dvanaest novih autorskih pjesama na kojima gostuju mnogi mladi i ugledni glazbenici. Album je snimljen u Zagrebu, a masteriran u Masterlab studiju u Berlinu. Odmah nakon izlaska, album se na\u0161ao <span class=\"_4yxo\">na prvom mjestu top liste najprodavanijih albuma u Hrvatskoj.<\/span> Zagreba\u010dka promocija novog albuma odr\u017eana je 15. travnja u klubu <a href=\"https:\/\/www.youtube.com\/watch?v=-K8yN1YnMVY\">Boogaloo pred 1.000 fanova Adastre gdje je snimljen spot za pjesmu &#8220;Kamo da krenem&#8221;<\/a>. Godine 2012. Adastra je snimila dva nova singla na \u0161panjolskom jeziku <a href=\"https:\/\/www.youtube.com\/watch?v=dPTPY3TwHQE\">&#8220;Porque te escondes&#8221;<\/a> i <a href=\"https:\/\/www.youtube.com\/watch?v=rkHCz-Xu8V4\">&#8220;Amor de verano&#8221;<\/a>. Krajem godine 2013. objavljen je single <span class=\"_4yxo\"><a href=\"https:\/\/www.youtube.com\/watch?v=JBsYM8fKSgE\">\u201eSamo s tobom\u201c<\/a> koji je uvr\u0161ten na Zagreba\u010dki festival 2014. <\/span>Taj se single zadr\u017eao <span class=\"_4yxo\">38 tjedana na HR Top 40 listi najvr\u0107enijih pjesama u Hrvatskoj.<\/span> Sredinom 2014. pjesma <span class=\"_4yxo\"><a href=\"https:\/\/www.youtube.com\/watch?v=FkAjHvQIVWs\">\u201eAko vidi\u0161 Anu\u201c<\/a>, uvr\u0161tena je na Splitski festival 2014. <\/span>Paralelno sa nastupima na festivalima, <span class=\"_4yxo\">Adastra je odradila turneju u sklopu koje je nastupila u 18 gradova Hrvatske.<\/span> Krajem 2014. Adastra je ponovo uvr\u0161tena sa pjesmom<a href=\"https:\/\/www.youtube.com\/watch?v=EorBP8Ju1dY\"> <span class=\"_4yxo\">\u201eGorim u sebi\u201c<\/span><\/a> na Zagreba\u010dki festival koji se odr\u017eao u sije\u010dnju 2015. godine. <span class=\"_4yxo\">3. listopada 2015. Adastra je objavila svoj tre\u0107i studijski album pod nazivom <a href=\"https:\/\/open.spotify.com\/album\/0v9KjjpE40Lflp8uWFboJn\">\u201cKatarza\u201d<\/a>. <\/span><\/div>\n<div class=\"_2cuy _3dgx _2vxa\">Adastra kontinuirano sura\u0111uje s <span class=\"_4yxo\">Udrugom Dru\u0161tvo za promicanje glazbe Zvuk svjetlosti<\/span> u dru\u0161tvenim i humanitarnim aktivnostima. <span class=\"_4yxo\">Dana 1. velja\u010de 2013. Dru\u0161tvo je iniciralo i organiziralo prvi Koncert za pomo\u0107 besku\u0107nicima<\/span> u povijesti grada Zagreba u zagreba\u010dkoj Tvornici kulture. Sredstva prikupljena na koncertu <span class=\"_4yxo\">(35.000,00 kuna)<\/span>, su donirana <span class=\"_4yxo\">Centru za prihvat besku\u0107nika Crvenog kri\u017ea u zagreba\u010dkoj Kosnici<\/span> te ulo\u017eena za nabavku donjeg rublja i higijenskog pribora. Na koncertu su sudjelovali <span class=\"_4yxo\">Psihomodo pop, Divlje Jagode, Aerodrom, Pozdrav Azri te Adastra.<\/span> Publika je tako\u0111er donirala higijenski pribor, obu\u0107u i odje\u0107u za besku\u0107nike.<\/div>\n<div class=\"_2cuy _3dgx _2vxa\">Krajem 2014. godine, Dru\u0161tvo je pokrenulo dvije humanitarne akcije. Prva akcija je bila <span class=\"_4yxo\">prikupljanje igra\u010daka i knjiga za Dje\u010dju bolnicu Srebrnjak<\/span>, a druga, u suradnji sa <span class=\"_4yxo\">Katoli\u010dkom udrugom \u201eKap dobrote\u201c za pomo\u0107 napu\u0161tenim i nemo\u0107nim osobama<\/span>, a za koju su snimljene pjesma i spot<a href=\"https:\/\/www.youtube.com\/watch?v=cHFK7wroFPA\"><span class=\"_4yxo\"> \u201eNije svejedno\u201c<\/span><\/a>. Obje akcije su uspje\u0161no realizirane u kojima su uz nov\u010dana sredstva prikupjene stotine knjiga za djecu bolnice Srebrnjak te ogrijevnog drva i desetak pe\u0107i za slabe, napu\u0161tene i nemo\u0107ne. Od 2015. godine, Dru\u0161tvo Zvuk svjetlosti uspje\u0161no sura\u0111uje s <span class=\"_4yxo\">Ministarstvom unutarnjih poslova \u2013 Uredom za prevenciju Ravnateljstva Policije<\/span> s kojim bez prekida odr\u017eavaju priredbe protiv nasilja diljem Hrvatske posebice koncert sje\u0107anja na ubijenog maloljetnog <span class=\"_4yxo\">Miroslava Tunji\u0107a &#8211; \u017ertve nasilja me\u017eu mladima<\/span>.<\/div>\n<div class=\"_2cuy _3dgx _2vxa\">Godine 2016. snimljen je spot na temu <span class=\"_4yxo\">nasilja u mladena\u010dkim vezama.<\/span> \u201eU\u010destalo nasilje u mladena\u010dkim vezama ne smijemo pre\u0161u\u0107ivati i zatvarati o\u010di pred njim!\u201c \u2013 bio je to moto u\u010denica <span class=\"_4yxo\">Graditeljsko-tehni\u010dke \u0161kole u Zagrebu <\/span>koje su napisale scenarij za spot grupe Adastra<a href=\"https:\/\/www.youtube.com\/watch?v=sYzrp2fJ0_g\"><span class=\"_4yxo\"> \u201c\u010cuo sam da pri\u010daju\u201d<\/span><\/a>. Sve je zapo\u010delo koncertom Adastre koji je odr\u017ean u navedenoj \u0161koli. U\u010denice su napravile uradak na temu \u201cprotiv nasilja u mladena\u010dkim vezama\u201d. Scenarij spota potpisuju u\u010denice <span class=\"_4yxo\">Anna Maria Rossi, Ivana Ri\u010dko, Dorotea O\u0161tar\u010devi\u0107 i Karla Po\u017eari\u0107<\/span>, koje i glume u spotu, a za re\u017eiju i monta\u017eu pobrinuo se Jeronim Mari\u0107. Spot je u kratkom vremenu postao viralan na dru\u0161tvenim mre\u017eama, te je <span class=\"_4yxo\">Ministarstvo za socijalnu politiku i mlade<\/span> dodijelilo moralnu i medijsku potporu ovome spotu. Godine 2017. izdava\u010d Adastre je objavio CD Adastra Greatest Hits. U 2018. godini, Adastra i Udruga Zvuk svjetlosti su uz financijsku potporu <span class=\"_4yxo\">Grada Zagreba<\/span> odr\u017eali priredbu <span class=\"_4yxo\"><span class=\"_4yxo\">Talentom protiv nasilja u Domu za odgoj djece i mlade\u017ei u Dugavama. Godine 2021. Adastra objavljuje svoj \u010detvrti album <a href=\"https:\/\/open.spotify.com\/album\/5laIpUt5KeznLsSMzhAMDe\">Zrno malo<\/a>. Na albumu se nalazi 12 pjesama na kojima je sudjelovalo 26 glazbenika, autora i suradnika. Na albumu je gostovao i veliki hrvatski pjesnik \u017deljko Krznari\u0107 koji je napisao stihove za dvije pjesme \u201cZrno malo\u201d i \u201cJo\u0161 u sve vjerujem\u201d. Album Zrno malo sadr\u017ei \u010detiri pjesme u kojima gostuju pjeva\u010dice Nika Antolos, Helena Basti\u0107, Hanna Polhe i Vlatka Kladari\u0107 te tri pjesme s poznatim hrvatskim glazbenicima Matijom Dedi\u0107em, Kre\u0161imirom Ka\u0161telanom, Alenom Brentinijem i Tomislavom Golubanom. Zanimljivo je da i svaka pjesma ima snimljen spot. <span style=\"font-size: revert;\">Album je oblikovao umjetnik Vedran Tomac. Album je imao dvije uspje\u0161nice <a href=\"https:\/\/www.youtube.com\/watch?v=nV20UWWDFt4\">&#8220;Ti si moja sre\u0107a&#8221;<\/a> i &#8220;Nikuda ne idi&#8221; koje su dospjele u HRTop 5 najvr\u0107enijih pjesama u Hrvatskoj.<\/span><br \/>\n<\/span><\/span><span class=\"_4yxo\">Krajem 2023. godine Adastra je objavila svoj peti studijski album <a href=\"https:\/\/open.spotify.com\/album\/04F9YnwxhnzjbUGU2yCVlx\">&#8220;Tajni prolaz&#8221;<\/a> kojeg je tako\u0111er likovno oblikovao Vedran Tomac uz pomo\u0107 dizajnerskih alata koji koriste umjetnu inteligenciju. Prvi single <a href=\"https:\/\/www.youtube.com\/watch?v=HitmqKCXmAc\">&#8220;Ona pored mene&#8221;<\/a> s albuma Tajni prolaz je postigao zna\u010dajan uspjeh i u regiji.<\/span><\/div>\n<div class=\"_2cuy _3dgx _2vxa\"><span class=\"_4yxo\">&nbsp;<\/span><\/div>\n<div class=\"_2cuy _3dgx _2vxa\">\u010clanovi grupe Adastra su: Jeronim Szabolcs Jerko Mari\u0107 (vokal i gitara), Armando Filipi (bas gitara), Vladimir Jevicki (gitara) i Mladen Mitrovi\u0107 (bubanj) te <span class=\"_4yxo\">Jasna Sari\u0107 menad\u017eerica grupe Adastra (kontakt: adastra@adastra.com.hr)<\/span><\/div>\n<div class=\"_2cuy _3dgx _2vxa\">&nbsp;<\/div>\n<div class=\"_2cuy _3dgx _2vxa\"><a href=\"https:\/\/l.facebook.com\/l.php?u=http%3A%2F%2Fwww.adastra.com.hr%2F&amp;h=AT3TSSjTtNhqD-F0szxTBv_z8t_0d9PMRiyDVsccGcOXTT_37jHIw-PA0FHSqgIzLiNf7JV1nr1DQxv2DKpzOyHC9WMuntQ_pQAAFLwwXe7IIQSMAGj-onLRZ5ZshLZ-xDc\" target=\"_blank\" rel=\"noopener nofollow noreferrer\" data-lynx-mode=\"asynclazy\">www.adastra.com.hr<\/a> , YouTube: <a href=\"https:\/\/www.youtube.com\/AdastraBand\" target=\"_blank\" rel=\"noopener nofollow noreferrer\" data-lynx-mode=\"asynclazy\" data-lynx-uri=\"https:\/\/l.facebook.com\/l.php?u=https%3A%2F%2Fwww.youtube.com%2FAdastraBand&amp;h=AT3NVzlHRsyTvpgcZ4pMZ5Tei2Y6bWhvLlJDFC1RRV4m096HIwoA3YQrJBtd2hhQT0FKoFxxDfME0EK-Twx1PZ4SBvJdDkIKTCpJ7jMzSf0FVk8UkQ1y6Xok_kLv7p7yVPM\">www.youtube.com\/AdastraBand<\/a> , Facebook <a href=\"https:\/\/www.facebook.com\/adastraband\">www.facebook.com\/adastraband<\/a><\/div>\n","protected":false},"excerpt":{"rendered":"<p>Grupa Adastra je osnovana 2005. godine na inicijativu frontmena i autora pjesama Jerka Mari\u0107a.&nbsp; U lipnju 2007. godine objavljen je album prvijenac pod nazivom Adastra u izdanju izdava\u010dke ku\u0107e Croatia<\/p>\n<p class=\"more-link\"><a href=\"http:\/\/www.adastra.com.hr\/index.php\/adastra-bio\/\" class=\"readmore\">Nastavi \u010ditati<span class=\"screen-reader-text\">Adastra Bio<\/span><\/a><\/p>\n","protected":false},"author":2,"featured_media":0,"parent":0,"menu_order":0,"comment_status":"closed","ping_status":"closed","template":"","meta":{"ngg_post_thumbnail":0,"jetpack_post_was_ever_published":false,"footnotes":""},"class_list":["post-125","page","type-page","status-publish","hentry"],"jetpack_sharing_enabled":true,"jetpack_shortlink":"https:\/\/wp.me\/PaoOG0-21","jetpack-related-posts":[],"_links":{"self":[{"href":"http:\/\/www.adastra.com.hr\/index.php\/wp-json\/wp\/v2\/pages\/125","targetHints":{"allow":["GET"]}}],"collection":[{"href":"http:\/\/www.adastra.com.hr\/index.php\/wp-json\/wp\/v2\/pages"}],"about":[{"href":"http:\/\/www.adastra.com.hr\/index.php\/wp-json\/wp\/v2\/types\/page"}],"author":[{"embeddable":true,"href":"http:\/\/www.adastra.com.hr\/index.php\/wp-json\/wp\/v2\/users\/2"}],"replies":[{"embeddable":true,"href":"http:\/\/www.adastra.com.hr\/index.php\/wp-json\/wp\/v2\/comments?post=125"}],"version-history":[{"count":24,"href":"http:\/\/www.adastra.com.hr\/index.php\/wp-json\/wp\/v2\/pages\/125\/revisions"}],"predecessor-version":[{"id":824,"href":"http:\/\/www.adastra.com.hr\/index.php\/wp-json\/wp\/v2\/pages\/125\/revisions\/824"}],"wp:attachment":[{"href":"http:\/\/www.adastra.com.hr\/index.php\/wp-json\/wp\/v2\/media?parent=125"}],"curies":[{"name":"wp","href":"https:\/\/api.w.org\/{rel}","templated":true}]}}